{"id":25493,"date":"2024-04-23T10:06:16","date_gmt":"2024-04-23T10:06:16","guid":{"rendered":"https:\/\/www.univ-msila.dz\/site\/?page_id=25493"},"modified":"2024-09-15T12:22:52","modified_gmt":"2024-09-15T12:22:52","slug":"%d8%af%d9%83%d8%aa%d9%88%d8%b1%d8%a7%d9%87-fll","status":"publish","type":"page","link":"https:\/\/www.univ-msila.dz\/site\/fll-ar\/%d8%af%d9%83%d8%aa%d9%88%d8%b1%d8%a7%d9%87-fll\/","title":{"rendered":"\u062f\u0643\u062a\u0648\u0631\u0627\u0647"},"content":{"rendered":"\t\t<div data-elementor-type=\"wp-page\" data-elementor-id=\"25493\" class=\"elementor elementor-25493\" data-elementor-post-type=\"page\">\n\t\t\t\t<div class=\"elementor-element elementor-element-e2895e3 e-flex e-con-boxed e-con e-parent\" data-id=\"e2895e3\" data-element_type=\"container\" data-e-type=\"container\" data-settings=\"{&quot;ekit_has_onepagescroll_dot&quot;:&quot;yes&quot;}\">\n\t\t\t\t\t<div class=\"e-con-inner\">\n\t\t<div class=\"elementor-element elementor-element-35e1efe e-con-full e-flex e-con e-child\" data-id=\"35e1efe\" data-element_type=\"container\" data-e-type=\"container\" data-settings=\"{&quot;ekit_has_onepagescroll_dot&quot;:&quot;yes&quot;}\">\n\t\t\t\t<div class=\"elementor-element elementor-element-df49327 elementor-widget elementor-widget-heading\" data-id=\"df49327\" data-element_type=\"widget\" data-e-type=\"widget\" data-settings=\"{&quot;ekit_we_effect_on&quot;:&quot;none&quot;}\" data-widget_type=\"heading.default\">\n\t\t\t\t<div class=\"elementor-widget-container\">\n\t\t\t\t\t<h2 class=\"elementor-heading-title elementor-size-default\">\u0643\u0644\u064a\u0629 \u0627\u0644\u0622\u062f\u0627\u0628 \u0648\u0627\u0644\u0644\u063a\u0627\u062a \u062c\u0627\u0645\u0639\u0629 \u0627\u0644\u0645\u0633\u064a\u0644\u0629\n<\/h2>\t\t\t\t<\/div>\n\t\t\t\t<\/div>\n\t\t\t\t<div class=\"elementor-element elementor-element-325f091 elementor-widget__width-inherit elementor-widget elementor-widget-heading\" data-id=\"325f091\" data-element_type=\"widget\" data-e-type=\"widget\" data-settings=\"{&quot;ekit_we_effect_on&quot;:&quot;none&quot;}\" data-widget_type=\"heading.default\">\n\t\t\t\t<div class=\"elementor-widget-container\">\n\t\t\t\t\t<h2 class=\"elementor-heading-title elementor-size-default\">\u0627\u0644\u0645\u064a\u0627\u062f\u064a\u0646 \u0648\u0627\u0644\u0634\u0639\u0628 \u0648\u0627\u0644\u062a\u062e\u0635\u0635\u0627\u062a (\u062f\u0643\u062a\u0648\u0631\u0627\u0647)\n<\/h2>\t\t\t\t<\/div>\n\t\t\t\t<\/div>\n\t\t\t\t<div class=\"elementor-element elementor-element-cc6746f elementor-widget elementor-widget-text-editor\" data-id=\"cc6746f\" data-element_type=\"widget\" data-e-type=\"widget\" data-settings=\"{&quot;ekit_we_effect_on&quot;:&quot;none&quot;}\" data-widget_type=\"text-editor.default\">\n\t\t\t\t<div class=\"elementor-widget-container\">\n\t\t\t\t\t\t\t\t\t<table style=\"border-collapse: collapse;width: 100%;height: 208px\"><tbody><tr style=\"background-color: #bdbdbd\"><td style=\"width: 25%;height: 24px;text-align: center\"><strong>\u0627\u0644\u0642\u0633\u0645<\/strong><\/td><td style=\"width: 25%;height: 24px;text-align: center\"><strong>\u0627\u0644\u0645\u064a\u062f\u0627\u0646<\/strong><\/td><td style=\"width: 12.3336%;height: 24px;text-align: center\"><strong>\u0627\u0644\u0634\u0639\u0628\u0629<\/strong><\/td><td style=\"width: 12.6664%;text-align: center;height: 24px\"><strong>\u0627\u0644\u062a\u062e\u0635\u0635<\/strong><\/td><td style=\"width: 25%;height: 24px;text-align: center\"><strong>\u0639\u062f\u062f \u0627\u0644\u0637\u0644\u0628\u0629<\/strong><\/td><\/tr><tr style=\"height: 24px\"><td style=\"width: 25%;height: 130px\" rowspan=\"6\">\u0642\u0633\u0645 \u0627\u0644\u0644\u063a\u0629 \u0648 \u0627\u0644\u0627\u062f\u0628 \u0627\u0644\u0639\u0631\u0628\u064a<\/td><td style=\"width: 25%;height: 130px\" rowspan=\"6\">\u0627\u0644\u0644\u063a\u0629 \u0648 \u0627\u0644\u0627\u062f\u0628 \u0627\u0644\u0639\u0631\u0628\u064a<\/td><td style=\"width: 12.3336%;height: 58px\" rowspan=\"3\">\u062f\u0631\u0627\u0633\u0627\u062a \u0627\u062f\u0628\u064a\u0629<\/td><td style=\"width: 12.6664%;height: 10px\">\u0623\u062f\u0628 \u0639\u0631\u0628\u064a \u062d\u062f\u064a\u062b \u0648\u0645\u0639\u0627\u0635\u0631<\/td><td style=\"width: 25%;height: 58px;text-align: center\" rowspan=\"3\">29<\/td><\/tr><tr style=\"height: 24px\"><td style=\"width: 12.6664%;height: 24px\">\u0623\u062f\u0628 \u062c\u0632\u0627\u0626\u0631\u064a \u062d\u062f\u064a\u062b \u0648\u0645\u0639\u0627\u0635\u0631<\/td><\/tr><tr style=\"height: 24px\"><td style=\"width: 12.6664%;height: 24px\">\u0627\u0644\u062e\u0637\u0627\u0628 \u0627\u0644\u0633\u0631\u062f\u064a \u0627\u0644\u0639\u0631\u0628\u064a<\/td><\/tr><tr style=\"height: 24px\"><td style=\"width: 12.3336%;height: 72px\" rowspan=\"3\">\u062f\u0631\u0627\u0633\u0627\u062a \u0644\u063a\u0648\u064a\u0629<\/td><td style=\"width: 12.6664%;height: 24px\">\u0644\u0633\u0627\u0646\u064a\u0627\u062a \u0639\u0627\u0645\u0629<\/td><td style=\"width: 25%;height: 72px;text-align: center\" rowspan=\"3\">9<\/td><\/tr><tr style=\"height: 24px\"><td style=\"width: 12.6664%;height: 24px\">\u0644\u0633\u0627\u0646\u064a\u0627\u062a \u062a\u0637\u0628\u064a\u0642\u064a\u0629<\/td><\/tr><tr style=\"height: 24px\"><td style=\"width: 12.6664%;height: 24px\">\u0644\u0633\u0627\u0646\u064a\u0627\u062a \u0639\u0631\u0628\u064a\u0629<\/td><\/tr><tr style=\"height: 24px\"><td style=\"width: 25%;height: 10px\">\u0642\u0633\u0645 \u0627\u0644\u0622\u062f\u0627\u0628 \u0648 \u0627\u0644\u0644\u063a\u0629 \u0627\u0644\u0627\u0646\u062c\u0644\u064a\u0632\u064a\u0629<\/td><td style=\"width: 25%;height: 54px\" rowspan=\"5\">\u0627\u0644\u0644\u063a\u0627\u062a \u0627\u0644\u0627\u062c\u0646\u0628\u064a\u0629<\/td><td style=\"width: 12.3336%;height: 10px\">\u0644\u063a\u0629 \u0627\u0646\u062c\u0644\u064a\u0632\u064a\u0629<\/td><td style=\"width: 12.6664%;height: 10px\">Didactics and Applied Linguistics<\/td><td style=\"width: 25%;height: 10px;text-align: center\">5<\/td><\/tr><tr style=\"height: 24px\"><td style=\"width: 25%;height: 44px\" rowspan=\"4\">\u0642\u0633\u0645 \u0627\u0644\u0622\u062f\u0627\u0628 \u0648 \u0627\u0644\u0644\u063a\u0629 \u0627\u0644\u0641\u0631\u0646\u0633\u064a\u0629<\/td><td style=\"width: 12.3336%;height: 44px\" rowspan=\"4\">\u0644\u063a\u0629 \u0641\u0631\u0646\u0633\u064a\u0629<\/td><td style=\"width: 12.6664%;height: 10px\">Didactique<\/td><td style=\"width: 25%;height: 44px;text-align: center\" rowspan=\"4\">22<\/td><\/tr><tr style=\"height: 24px\"><td style=\"width: 12.6664%;height: 24px\">Didactique du FLE<\/td><\/tr><tr style=\"height: 10px\"><td style=\"width: 12.6664%;height: 10px\">Litt\u00e9rature maghr\u00e9bine et compar\u00e9e<\/td><\/tr><tr><td style=\"width: 12.6664%\">Sciences du langage<\/td><\/tr><\/tbody><\/table>\t\t\t\t\t\t\t\t<\/div>\n\t\t\t\t<\/div>\n\t\t\t\t<\/div>\n\t\t<div class=\"elementor-element elementor-element-7a7b06e e-con-full e-flex e-con e-child\" data-id=\"7a7b06e\" data-element_type=\"container\" data-e-type=\"container\" data-settings=\"{&quot;ekit_has_onepagescroll_dot&quot;:&quot;yes&quot;}\">\n\t\t\t\t<div class=\"elementor-element elementor-element-da458e2 elementor-widget__width-inherit elementor-widget elementor-widget-heading\" data-id=\"da458e2\" data-element_type=\"widget\" data-e-type=\"widget\" data-settings=\"{&quot;ekit_we_effect_on&quot;:&quot;none&quot;}\" data-widget_type=\"heading.default\">\n\t\t\t\t<div class=\"elementor-widget-container\">\n\t\t\t\t\t<h2 class=\"elementor-heading-title elementor-size-default\">\u0646\u0635\u0648\u0635 \u062a\u0646\u0638\u064a\u0645\u064a\u0629<\/h2>\t\t\t\t<\/div>\n\t\t\t\t<\/div>\n\t\t\t\t<div class=\"elementor-element elementor-element-5912bd4 elementor-widget elementor-widget-text-editor\" data-id=\"5912bd4\" data-element_type=\"widget\" data-e-type=\"widget\" data-settings=\"{&quot;ekit_we_effect_on&quot;:&quot;none&quot;}\" data-widget_type=\"text-editor.default\">\n\t\t\t\t<div class=\"elementor-widget-container\">\n\t\t\t\t\t\t\t\t\t<ul class=\"thim-header-info\"><li><a href=\"https:\/\/www.univ-msila.dz\/site\/wp-content\/uploads\/2024\/01\/Arrete-711-du-03-novembre-2011-ar-2-1-1.pdf\">\u0642\u0631\u0627\u0631 \u0631\u0642\u0645 711 \u0645\u0624\u0631\u062e \u0641\u064a 03 \u0646\u0648\u0641\u0645\u0628\u0631 2011 \u064a\u062d\u062f\u062f \u0627\u0644\u0642\u0648\u0627\u0639\u062f \u0627\u0644\u0645\u0634\u062a\u0631\u0643\u0629 \u0644\u0644\u062a\u0646\u0638\u064a\u0645 \u0648 \u0627\u0644\u062a\u0633\u064a\u064a\u0631 \u0627\u0644\u0628\u064a\u062f\u0627\u063a\u0648\u062c\u064a\u064a\u0646 \u0644\u0644\u062f\u0631\u0627\u0633\u0627\u062a \u0627\u0644\u062c\u0627\u0645\u0639\u064a\u0629 \u0644\u0646\u064a\u0644 \u0634\u0647\u0627\u062f\u062a\u064a \u0627\u0644\u0644\u064a\u0633\u0627\u0646\u0633 \u0648 \u0627\u0644\u0645\u0627\u0633\u062a\u0631<\/a><\/li><li><a href=\"https:\/\/www.univ-msila.dz\/site\/wp-content\/uploads\/2024\/01\/Arrete-712-du-03-novembre-2011-ar-2-1.pdf\">\u0642\u0631\u0627\u0631 \u0631\u0642\u0645 712 \u0645\u0624\u0631\u062e \u0641\u064a 03 \u0646\u0648\u0641\u0645\u0628\u0631 2011 \u064a\u062a\u0636\u0645\u0646 \u0643\u064a\u0641\u064a\u0627\u062a \u0627\u0644\u062a\u0642\u064a\u064a\u0645 \u0648 \u0627\u0644\u062a\u062f\u0631\u062c \u0648 \u0627\u0644\u062a\u0648\u062c\u064a\u0647 \u0641\u064a \u0637\u0648\u0631\u064a \u0627\u0644\u062f\u0631\u0627\u0633\u0627\u062a \u0644\u0646\u064a\u0644 \u0634\u0647\u0627\u062f\u062a\u064a \u0627\u0644\u0644\u064a\u0633\u0627\u0646\u0633 \u0648 \u0627\u0644\u0645\u0627\u0633\u062a\u0631<\/a><\/li><li><a href=\"https:\/\/www.univ-msila.dz\/site\/wp-content\/uploads\/2024\/01\/Arrete-714-du-03-novembre-2011-ar-1-1.pdf\">\u0642\u0631\u0627\u0631 \u0631\u0642\u0645 714 \u0645\u0624\u0631\u062e \u0641\u064a 03 \u0646\u0648\u0641\u0645\u0628\u0631 2011 \u064a\u062a\u0636\u0645\u0646 \u0643\u064a\u0641\u064a\u0627\u062a \u062a\u0631\u062a\u064a\u0628 \u0627\u0644\u0637\u0644\u0628\u0629<\/a><\/li><li><a href=\"https:\/\/www.univ-msila.dz\/site\/wp-content\/uploads\/2024\/01\/Arrete-n451-ar-1.pdf\">\u0642\u0631\u0627\u0631 \u0631\u0642\u0645 451 \u0645\u0624\u0631\u062e \u0641\u064a 09 \u062f\u064a\u0633\u0645\u0628\u0631 2012 \u064a\u062a\u0636\u0645\u0646 \u062a\u062d\u062f\u064a\u062f \u0627\u0644\u062e\u0635\u0627\u0626\u0635 \u0627\u0644\u0645\u062a\u0639\u0644\u0642\u0629 \u0628\u0634\u0647\u0627\u062f\u0629 \u0627\u0644\u0646\u062c\u0627\u062d \u0627\u0644\u0645\u0624\u0642\u062a\u0629 \u0641\u064a \u0637\u0648\u0631\u064a \u0627\u0644\u062a\u0643\u0648\u064a\u0646 \u0644\u0646\u064a\u0644 \u0634\u0647\u0627\u062f\u0629 \u0627\u0644\u0644\u064a\u0633\u0627\u0646\u0633 \u0648 \u0634\u0647\u0627\u062f\u0629 \u0627\u0644\u0645\u0627\u0633\u062a\u0631<\/a><\/li><li><a href=\"https:\/\/www.univ-msila.dz\/site\/wp-content\/uploads\/2024\/01\/Arrete-n452-ar-1.pdf\">\u0642\u0631\u0627\u0631 \u0631\u0642\u0645 452 \u0645\u0624\u0631\u062e \u0641\u064a 09 \u062f\u064a\u0633\u0645\u0628\u0631 2012 \u064a\u062a\u0636\u0645\u0646 \u062a\u062d\u062f\u064a\u062f \u0627\u0644\u062e\u0635\u0627\u0626\u0635 \u0627\u0644\u0645\u062a\u0639\u0644\u0642\u0629 \u0628\u0643\u0634\u0641 \u0627\u0644\u0646\u0642\u0627\u0637 \u0641\u064a \u0637\u0648\u0631\u064a \u0627\u0644\u062f\u0631\u0627\u0633\u0627\u062a \u0644\u0646\u064a\u0644 \u0634\u0647\u0627\u062f\u0629 \u0627\u0644\u0644\u064a\u0633\u0627\u0646\u0633 \u0648 \u0634\u0647\u0627\u062f\u0629 \u0627\u0644\u0645\u0627\u0633\u062a\u0631<\/a><\/li><li><a href=\"https:\/\/www.univ-msila.dz\/site\/wp-content\/uploads\/2024\/01\/Arrete-n453-ar-1.pdf\">\u00a0\u0642\u0631\u0627\u0631 \u0631\u0642\u0645 453 \u0645\u0624\u0631\u062e \u0641\u064a 09 \u062f\u064a\u0633\u0645\u0628\u0631 2012 \u064a\u062a\u0636\u0645\u0646 \u062a\u062d\u062f\u064a\u062f \u0627\u0644\u062e\u0635\u0627\u0626\u0635 \u0627\u0644\u0645\u062a\u0639\u0644\u0642\u0629 \u0628\u0627\u0644\u0648\u062b\u064a\u0642\u0629 \u0627\u0644\u0648\u0635\u0641\u064a\u0629 \u0627\u0644\u0645\u0631\u0641\u0642\u0629 \u0644\u0634\u0647\u0627\u062f\u0629 \u0627\u0644\u0644\u064a\u0633\u0627\u0646\u0633 \u0648 \u0634\u0647\u0627\u062f\u0629 \u0627\u0644\u0645\u0627\u0633\u062a\u0631<\/a><\/li><li><a href=\"https:\/\/www.univ-msila.dz\/site\/wp-content\/uploads\/2024\/01\/%D9%82%D8%B1%D8%A7%D8%B1-%D8%B1%D9%82%D9%85-992-%D8%A7%D9%84%D9%85%D8%A4%D8%B1%D8%AE-%D9%81%D9%8A-01-%D8%A3%D9%88%D8%AA-2022-%D9%8A%D8%AD%D8%AF%D8%AF-%D9%83%D9%8A%D9%81%D9%8A%D8%A7%D8%AA-%D8%A7%D9%84%D8%AA%D8%B3%D8%AC%D9%8A%D9%84-%D9%88%D8%A7%D8%B9%D8%A7%D8%AF%D8%A9-%D8%A7%D9%84%D8%AA%D8%B3%D8%AC%D9%8A%D9%84-%D9%84%D9%84%D8%AA%D9%83%D9%88%D9%8A%D9%86%D8%A7%D8%AA-%D9%84%D9%86%D9%8A%D9%84-%D8%B4%D9%87%D8%A7%D8%AF%D8%A7%D8%AA-%D8%A7%D9%84%D9%84%D9%8A%D8%B3%D8%A7%D9%86%D8%B3-%D9%88-%D8%A7%D9%84%D9%85%D8%A7%D8%B3%D8%AA%D8%B1-%D9%88%D9%85%D9%87%D9%86%D8%AF%D8%B3-%D8%AF%D9%88%D9%84%D8%A9-%D9%88%D9%85%D9%87%D9%86%D8%AF%D8%B3-%D9%85%D8%B9%D9%85%D8%A7%D8%B1_repaired.pdf\">\u0642\u0631\u0627\u0631 \u0631\u0642\u0645 992 \u0645\u0624\u0631\u062e \u0641\u064a 01 \u0623\u0648\u062a 2022 \u064a\u062d\u062f\u062f \u0643\u064a\u0641\u064a\u0627\u062a \u0627\u0644\u062a\u0633\u062c\u064a\u0644 \u0648 \u0625\u0639\u0627\u062f\u0629 \u0627\u0644\u062a\u0633\u062c\u064a\u0644 \u0644\u0644\u062a\u0643\u0648\u064a\u0646\u0627\u062a \u0644\u0646\u064a\u0644 \u0634\u0647\u0627\u062f\u0627\u062a \u0627\u0644\u0644\u064a\u0633\u0627\u0646\u0633 \u0648 \u0627\u0644\u0645\u0627\u0633\u062a\u0631 \u0648 \u0645\u0647\u0646\u062f\u0633 \u062f\u0648\u0644\u0629 \u0648 \u0645\u0647\u0646\u062f\u0633 \u0645\u0639\u0645\u0627\u0631\u064a\u060c \u0648 \u0643\u0630\u0627 \u0643\u064a\u0641\u064a\u0627\u062a \u0627\u0644\u062a\u0646\u0638\u064a\u0645 \u0648 \u0627\u0644\u062a\u0642\u064a\u064a\u0645 \u0648 \u0627\u0644\u062a\u062f\u0631\u062c \u0641\u064a\u0647\u0627<\/a><\/li><li><a href=\"https:\/\/www.univ-msila.dz\/site\/wp-content\/uploads\/2024\/01\/%D9%82%D8%B1%D8%A7%D8%B1-%D8%B1%D9%82%D9%85-994-%D8%A7%D9%84%D9%85%D8%A4%D8%B1%D8%AE-%D9%81%D9%8A-02-%D8%A3%D9%88%D8%AA-2022-%D9%8A%D8%AD%D8%AF%D8%AF-%D8%A8%D9%8A%D8%A7%D9%86%D8%A7%D8%AA-%D9%88%D8%AE%D8%B5%D8%A7%D8%A6%D8%B5-%D8%B4%D9%87%D8%A7%D8%AF%D8%A7%D8%AA-%D8%A7%D9%84%D8%AA%D8%B9%D9%84%D9%8A%D9%85-%D8%A7%D9%84%D8%B9%D8%A7%D9%84%D9%8A.pdf\">\u0642\u0631\u0627\u0631 \u0631\u0642\u0645 994 \u0645\u0624\u0631\u062e \u0641\u064a 02 \u0623\u0648\u062a 2022 \u064a\u062d\u062f\u062f \u0628\u064a\u0627\u0646\u0627\u062a \u0648 \u062e\u0635\u0627\u0626\u0635 \u0634\u0647\u0627\u062f\u0627\u062a \u0627\u0644\u062a\u0639\u0644\u064a\u0645 \u0627\u0644\u0639\u0627\u0644\u064a<\/a><\/li><\/ul><ul><li><a href=\"https:\/\/www.univ-msila.dz\/site\/wp-content\/uploads\/2024\/01\/%D9%82%D8%B1%D8%A7%D8%B1-%D8%B1%D9%82%D9%85-998-%D8%A7%D9%84%D9%85%D8%A4%D8%B1%D8%AE-%D9%81%D9%8A-02-%D8%A3%D9%88%D8%AA-2022-%D9%8A%D8%AD%D8%AF%D8%AF-%D8%B4%D8%B1%D9%88%D8%B7-%D8%A7%D9%84%D8%A7%D9%84%D8%AA%D8%AD%D8%A7%D9%82-%D9%88%D9%83%D9%8A%D9%81%D9%8A%D8%A7%D8%AA-%D8%A7%D9%84%D8%AA%D9%88%D8%AC%D9%8A%D9%87-%D9%88%D8%A7%D9%84%D8%AA%D8%B3%D8%AC%D9%8A%D9%84-%D9%81%D9%8A-%D8%A7%D9%84%D8%AF%D8%B1%D8%A7%D8%B3%D8%A7%D8%AA-%D8%A7%D9%84%D8%AC%D8%A7%D9%85%D8%B9%D9%8A%D8%A9-%D9%84%D9%86%D9%8A%D9%84-%D8%B4%D9%87%D8%A7%D8%AF%D8%A9-%D8%A7%D9%84%D9%85%D8%A7%D8%B3%D8%AA%D8%B1.pdf\">\u0642\u0631\u0627\u0631 \u0631\u0642\u0645 998 \u0645\u0624\u0631\u062e \u0641\u064a 02 \u0623\u0648\u062a 2022 \u064a\u062d\u062f\u062f \u0634\u0631\u0648\u0637 \u0648\u0643\u064a\u0641\u064a\u0627\u062a \u0627\u0644\u062a\u0648\u062c\u064a\u0647 \u0648 \u0627\u0644\u062a\u0633\u062c\u064a\u0644 \u0641\u064a \u0627\u0644\u062f\u0631\u0627\u0633\u0627\u062a \u0627\u0644\u062c\u0627\u0645\u0639\u064a\u0629 \u0644\u0646\u064a\u0644 \u0634\u0647\u0627\u062f\u0629 \u0627\u0644\u0645\u0627\u0633\u062a\u0631<\/a><\/li><\/ul><p>\u00a0<\/p>\t\t\t\t\t\t\t\t<\/div>\n\t\t\t\t<\/div>\n\t\t\t\t<\/div>\n\t\t\t\t\t<\/div>\n\t\t\t\t<\/div>\n\t\t\t\t<\/div>\n\t\t","protected":false},"excerpt":{"rendered":"<p>\/*! elementor &#8211; v3.23.0 &#8211; 05-08-2024 *\/ .elementor-heading-title{padding:0;margin:0;line-height:1}.elementor-widget-heading .elementor-heading-title[class*=elementor-size-]&gt;a{color:inherit;font-size:inherit;line-height:inherit}.elementor-widget-heading .elementor-heading-title.elementor-size-small{font-size:15px}.elementor-widget-heading .elementor-heading-title.elementor-size-medium{font-size:19px}.elementor-widget-heading .elementor-heading-title.elementor-size-large{font-size:29px}.elementor-widget-heading .elementor-heading-title.elementor-size-xl{font-size:39px}.elementor-widget-heading .elementor-heading-title.elementor-size-xxl{font-size:59px} \u0643\u0644\u064a\u0629 \u0627\u0644\u0622\u062f\u0627\u0628 \u0648\u0627\u0644\u0644\u063a\u0627\u062a \u062c\u0627\u0645\u0639\u0629 \u0627\u0644\u0645\u0633\u064a\u0644\u0629 \u0627\u0644\u0645\u064a\u0627\u062f\u064a\u0646 \u0648\u0627\u0644\u0634\u0639\u0628 \u0648\u0627\u0644\u062a\u062e\u0635\u0635\u0627\u062a (\u062f\u0643\u062a\u0648\u0631\u0627\u0647) \u0627\u0644\u0642\u0633\u0645 \u0627\u0644\u0645\u064a\u062f\u0627\u0646 \u0627\u0644\u0634\u0639\u0628\u0629 \u0627\u0644\u062a\u062e\u0635\u0635 \u0639\u062f\u062f \u0627\u0644\u0637\u0644\u0628\u0629 \u0642\u0633\u0645 \u0627\u0644\u0644\u063a\u0629 \u0648 \u0627\u0644\u0627\u062f\u0628 \u0627\u0644\u0639\u0631\u0628\u064a \u0627\u0644\u0644\u063a\u0629 \u0648 \u0627\u0644\u0627\u062f\u0628 \u0627\u0644\u0639\u0631\u0628\u064a \u062f\u0631\u0627\u0633\u0627\u062a \u0627\u062f\u0628\u064a\u0629 &hellip; <\/p>\n","protected":false},"author":6,"featured_media":0,"parent":24169,"menu_order":0,"comment_status":"closed","ping_status":"closed","template":"","meta":{"_lmt_disableupdate":"","_lmt_disable":"","_monsterinsights_skip_tracking":false,"_monsterinsights_sitenote_active":false,"_monsterinsights_sitenote_note":"","_monsterinsights_sitenote_category":0,"footnotes":""},"class_list":["post-25493","page","type-page","status-publish","hentry"],"_links":{"self":[{"href":"https:\/\/www.univ-msila.dz\/site\/wp-json\/wp\/v2\/pages\/25493","targetHints":{"allow":["GET"]}}],"collection":[{"href":"https:\/\/www.univ-msila.dz\/site\/wp-json\/wp\/v2\/pages"}],"about":[{"href":"https:\/\/www.univ-msila.dz\/site\/wp-json\/wp\/v2\/types\/page"}],"author":[{"embeddable":true,"href":"https:\/\/www.univ-msila.dz\/site\/wp-json\/wp\/v2\/users\/6"}],"replies":[{"embeddable":true,"href":"https:\/\/www.univ-msila.dz\/site\/wp-json\/wp\/v2\/comments?post=25493"}],"version-history":[{"count":47,"href":"https:\/\/www.univ-msila.dz\/site\/wp-json\/wp\/v2\/pages\/25493\/revisions"}],"predecessor-version":[{"id":59082,"href":"https:\/\/www.univ-msila.dz\/site\/wp-json\/wp\/v2\/pages\/25493\/revisions\/59082"}],"up":[{"embeddable":true,"href":"https:\/\/www.univ-msila.dz\/site\/wp-json\/wp\/v2\/pages\/24169"}],"wp:attachment":[{"href":"https:\/\/www.univ-msila.dz\/site\/wp-json\/wp\/v2\/media?parent=25493"}],"curies":[{"name":"wp","href":"https:\/\/api.w.org\/{rel}","templated":true}]}}