{"id":26224,"date":"2024-04-24T10:09:21","date_gmt":"2024-04-24T10:09:21","guid":{"rendered":"https:\/\/www.univ-msila.dz\/site\/?page_id=26224"},"modified":"2024-09-05T07:59:58","modified_gmt":"2024-09-05T07:59:58","slug":"scientific-research-projects-mi","status":"publish","type":"page","link":"https:\/\/www.univ-msila.dz\/site\/mi\/scientific-research-projects-mi\/","title":{"rendered":"Scientific Research Projects &#8211; MI"},"content":{"rendered":"\t\t<div data-elementor-type=\"wp-page\" data-elementor-id=\"26224\" class=\"elementor elementor-26224\" data-elementor-post-type=\"page\">\n\t\t\t\t<div class=\"elementor-element elementor-element-340468f5 e-flex e-con-boxed e-con e-parent\" data-id=\"340468f5\" data-element_type=\"container\" data-e-type=\"container\" data-settings=\"{&quot;background_background&quot;:&quot;classic&quot;,&quot;ekit_has_onepagescroll_dot&quot;:&quot;yes&quot;}\">\n\t\t\t\t\t<div class=\"e-con-inner\">\n\t\t\t\t<div class=\"elementor-element elementor-element-7b2270e0 elementor-widget elementor-widget-text-editor\" data-id=\"7b2270e0\" data-element_type=\"widget\" data-e-type=\"widget\" data-settings=\"{&quot;ekit_we_effect_on&quot;:&quot;none&quot;}\" data-widget_type=\"text-editor.default\">\n\t\t\t\t<div class=\"elementor-widget-container\">\n\t\t\t\t\t\t\t\t\t<h3>Projects starting from : 01\/01\/2016<\/h3><table id=\"tablepress-17\" class=\"tablepress tablepress-id-17\" style=\"width: 109.763%;height: 288px\"><thead><tr class=\"row-1 odd\" style=\"background-color: #f27229\"><th class=\"column-1\" style=\"height: 48px;width: 2.03252%;background-color: #f2b078\"><span style=\"color: #ffffff\">N\u00b0:<\/span><\/th><th class=\"column-2\" style=\"height: 48px;width: 2.03252%;background-color: #f2b078\"><span style=\"color: #ffffff\">Project leader<\/span><\/th><th class=\"column-3\" style=\"height: 48px;width: 2.03252%;background-color: #f2b078\"><span style=\"color: #ffffff\">Project code<\/span><\/th><th class=\"column-4\" style=\"height: 48px;width: 2.03252%;background-color: #f2b078\"><span style=\"color: #ffffff\">Title<\/span><\/th><th class=\"column-5\" style=\"height: 48px;width: 4.59744%;background-color: #f2b078\"><span style=\"color: #ffffff\">Team member<\/span><\/th><\/tr><\/thead><tbody class=\"row-hover\"><tr class=\"row-2 even\" style=\"height: 240px\"><td class=\"column-1\" style=\"height: 240px;width: 2.03252%\">1<\/td><td class=\"column-2\" style=\"height: 240px;width: 2.03252%\">Mihoubi Douadi<\/td><td class=\"column-3\" style=\"height: 240px;width: 2.03252%\">C00L03UN280120150001<\/td><td class=\"column-4\" style=\"height: 240px;width: 2.03252%\"><p>Etude sur les<\/p><p>codes cycliques en cryptographie<\/p><p>et applications<\/p><\/td><td class=\"column-5\" style=\"height: 240px;width: 4.59744%\"><p>Midoune Noureddine<\/p><p>-Chikouche Noureddine<\/p><p>-Ghadbane Nacer &#8211;<\/p><p>Ladjelat Lahc\u00e8ne &#8211;<\/p><p>Heboub Lakhdar<\/p><\/td><\/tr><\/tbody><\/table><h3>Projects starting from : 01\/01\/2015<\/h3><table id=\"tablepress-4\" class=\"tablepress tablepress-id-4\"><thead><tr class=\"row-1 odd\" style=\"background-color: #f27229\"><th class=\"column-1\" style=\"background-color: #f2b078;text-align: center\"><span style=\"color: #ffffff\">N\u00b0:<\/span><\/th><th class=\"column-2\" style=\"background-color: #f2b078;text-align: center\"><span style=\"color: #ffffff\">Project leader<\/span><\/th><th class=\"column-3\" style=\"background-color: #f2b078;text-align: center\"><span style=\"color: #ffffff\">Project code<\/span><\/th><th class=\"column-4\" style=\"background-color: #f2b078;text-align: center\"><span style=\"color: #ffffff\">Title<\/span><\/th><th class=\"column-5\" style=\"background-color: #f2b078;text-align: center\"><span style=\"color: #ffffff\">Team member<\/span><\/th><\/tr><\/thead><tbody class=\"row-hover\"><tr class=\"row-2 even\"><td class=\"column-1\">1<\/td><td class=\"column-2\">Belouadah Hocine<\/td><td class=\"column-3\">J03056020140014<\/td><td class=\"column-4\">Application des algorithmes bio-inspir\u00e9s aux probl\u00e9mes d\u2019optimisation NP-difficiles .<\/td><td class=\"column-5\">Bouamama salim \u2013 Moussaoui adel \u2013 Hemmak allaoua<\/td><\/tr><tr class=\"row-3 odd\"><td class=\"column-1\">2<\/td><td class=\"column-2\">Gasmi Abdelkader<\/td><td class=\"column-3\">B05620140080<\/td><td class=\"column-4\">Applications de la th\u00e9orie des fonctions analytiques au calcul de quelques solutions num\u00e9riques pour les probl\u00e9mes \u00e0 surfaces .<\/td><td class=\"column-5\">Blizak tahar \u2013 Saidi Hadjira \u2013 Guechi Moufida \u2013 Nadji nadjet<\/td><\/tr><tr class=\"row-4 even\"><td class=\"column-1\">3<\/td><td class=\"column-2\">Boudaoud abdelmadjid<\/td><td class=\"column-3\">B05620140101<\/td><td class=\"column-4\">Th\u00e9orie IST et Applications.<\/td><td class=\"column-5\">Moussai miloud \u2013 Bellaouar djamel- Belboul aissa \u2013 Boudaoud sara<\/td><\/tr><tr class=\"row-5 odd\"><td class=\"column-1\">4<\/td><td class=\"column-2\">Benabderrahmane benyattou<\/td><td class=\"column-3\">B05620140102<\/td><td class=\"column-4\">Existence globale et explosion en temps fini des solutions pour une famille des probl\u00e9me hyperboliques semi lin\u00e9aires.<\/td><td class=\"column-5\">Dilmi mourad \u2013 Tedjani hadj ammar-Mazouz ahmed \u2013 Boudarsa mourad<\/td><\/tr><\/tbody><\/table><h3>Projects starting from : 01\/01\/2014<\/h3><table id=\"tablepress-5\" class=\"tablepress tablepress-id-5\"><thead><tr class=\"row-1 odd\" style=\"background-color: #f27229\"><th class=\"column-1\" style=\"background-color: #f2b078\"><span style=\"color: #ffffff\">N\u00b0:<\/span><\/th><th class=\"column-2\" style=\"background-color: #f2b078\"><span style=\"color: #ffffff\">Project leader<\/span><\/th><th class=\"column-3\" style=\"background-color: #f2b078\"><span style=\"color: #ffffff\">Project code<\/span><\/th><th class=\"column-4\" style=\"background-color: #f2b078\"><span style=\"color: #ffffff\">Title<\/span><\/th><th class=\"column-5\" style=\"background-color: #f2b078\"><span style=\"color: #ffffff\">Team member<\/span><\/th><\/tr><\/thead><tbody class=\"row-hover\"><tr class=\"row-2 even\"><td class=\"column-1\">1<\/td><td class=\"column-2\">Boudreh brahim<\/td><td class=\"column-3\">B*05620130074<\/td><td class=\"column-4\">Conception et v\u00e9rification \u00e0 base d\u2019ontologies d\u2019un entrep\u00f4te p\u00e9dagogique adaptatif pour l\u2019informatique ubiquitaire.<\/td><td class=\"column-5\">Belgueliel youcef \u2013 Brik mourad- Assas ouarda \u2013 Bouhuita guermech salah \u2013 Bounab noura<\/td><\/tr><tr class=\"row-3 odd\"><td class=\"column-1\">2<\/td><td class=\"column-2\">Bourahla mustapha<\/td><td class=\"column-3\">B*056201300045<\/td><td class=\"column-4\">Logique unificatrice et raisonnement automatique pour les ontologies du web s\u00e9mantique .<\/td><td class=\"column-5\">Boughrara sedik \u2013 Boudia malika \u2013 gasmi mohamed<\/td><\/tr><tr class=\"row-4 even\"><td class=\"column-1\">3<\/td><td class=\"column-2\">Benhamidouche nourdine<\/td><td class=\"column-3\">B05620130057<\/td><td class=\"column-4\">Solutions profils mobiles pour certaines \u00e9quations aux d\u00e9riv\u00e9es partielles.<\/td><td class=\"column-5\">Gala sadek \u2013 Arioua yacine \u2013 Selt omar<\/td><\/tr><tr class=\"row-5 odd\"><td class=\"column-1\">4<\/td><td class=\"column-2\">Moussai madani<\/td><td class=\"column-3\">B05620130037<\/td><td class=\"column-4\">composition r\u00e9alisation et caraterisation des espaces du type besov .<\/td><td class=\"column-5\">Drihem douadi \u2013 Djeriou aissa \u2013 Lakhal aissa \u2013 Bissar samira \u2013 Meliani saliha .<\/td><\/tr><tr class=\"row-6 even\"><td class=\"column-1\">5<\/td><td class=\"column-2\">Nadir Mostefa<\/td><td class=\"column-3\">B05620130052<\/td><td class=\"column-4\">M\u00e9thodes d\u2019aproximations pour les \u00e9quations int\u00e9grales.<\/td><td class=\"column-5\">Gagui Bachi -Khirani Amina \u2013 chemcham madani-Daidja Noui -Lakehali Belkacem<\/td><\/tr><\/tbody><\/table><h3>Projects starting from : 01\/01\/2013<\/h3><table id=\"tablepress-6\" class=\"tablepress tablepress-id-6\"><thead><tr class=\"row-1 odd\" style=\"background-color: #f27229\"><th class=\"column-1\" style=\"background-color: #f2b078;text-align: center\"><span style=\"color: #ffffff\">N\u00b0:<\/span><\/th><th class=\"column-2\" style=\"background-color: #f2b078;text-align: center\"><span style=\"color: #ffffff\">Project leader<\/span><\/th><th class=\"column-3\" style=\"background-color: #f2b078;text-align: center\"><span style=\"color: #ffffff\">Project code<\/span><\/th><th class=\"column-4\" style=\"background-color: #f2b078;text-align: center\"><span style=\"color: #ffffff\">Title<\/span><\/th><th class=\"column-5\" style=\"background-color: #f2b078;text-align: center\"><span style=\"color: #ffffff\">Team member<\/span><\/th><\/tr><\/thead><tbody class=\"row-hover\"><tr class=\"row-2 even\"><td class=\"column-1\">1<\/td><td class=\"column-2\">Zedam lemnaouar<\/td><td class=\"column-3\">B05620120006<\/td><td class=\"column-4\">Treillis flous et applications.<\/td><td class=\"column-5\">Amroune abdeaziz \u2013 kheniche azzedine \u2013 Mihoubi cherif -Milles soheb \u2013<\/td><\/tr><tr class=\"row-3 odd\"><td class=\"column-1\">2<\/td><td class=\"column-2\">Mezrag lahcene<\/td><td class=\"column-3\">B05620120016<\/td><td class=\"column-4\">La g\u00e9om\u00e9trie non lin\u00e9aire des espaces.<\/td><td class=\"column-5\">Achour dahmane \u2013 Saadi Khalil \u2013 Tallab abdelhamid -Dahia elhadj \u2013 Belacel amar<\/td><\/tr><\/tbody><\/table><h3>Projects starting from : 01\/01\/2012<\/h3><table id=\"tablepress-7\" class=\"tablepress tablepress-id-7\"><thead><tr class=\"row-1 odd\" style=\"background-color: #f27229\"><th class=\"column-1\" style=\"background-color: #f2b078;text-align: center\"><span style=\"color: #ffffff\">N\u00b0:<\/span><\/th><th class=\"column-2\" style=\"background-color: #f2b078;text-align: center\"><span style=\"color: #ffffff\">Project leader<\/span><\/th><th class=\"column-3\" style=\"background-color: #f2b078;text-align: center\"><span style=\"color: #ffffff\">Project code<\/span><\/th><th class=\"column-4\" style=\"background-color: #f2b078;text-align: center\"><span style=\"color: #ffffff\">Title<\/span><\/th><th class=\"column-5\" style=\"background-color: #f2b078;text-align: center\"><span style=\"color: #ffffff\">Team member<\/span><\/th><\/tr><\/thead><tbody class=\"row-hover\"><tr class=\"row-2 even\"><td class=\"column-1\">1<\/td><td class=\"column-2\">Gasmi abdelkader<\/td><td class=\"column-3\">B05620110014<\/td><td class=\"column-4\">Modilisation et traitement num\u00e9rique de quelques probl\u00e9me libres .<\/td><td class=\"column-5\">Djeriou aissa \u2013 Seghiri fakherddine \u2013 Guellati zineb<\/td><\/tr><\/tbody><\/table>\t\t\t\t\t\t\t\t<\/div>\n\t\t\t\t<\/div>\n\t\t\t\t\t<\/div>\n\t\t\t\t<\/div>\n\t\t\t\t<\/div>\n\t\t","protected":false},"excerpt":{"rendered":"<p>Projects starting from : 01\/01\/2016 N\u00b0: Project leader Project code Title Team member 1 Mihoubi Douadi C00L03UN280120150001 Etude sur les codes cycliques en cryptographie et applications Midoune Noureddine -Chikouche Noureddine -Ghadbane Nacer &#8211; Ladjelat Lahc\u00e8ne &#8211; Heboub Lakhdar Projects starting &hellip; <\/p>\n","protected":false},"author":10,"featured_media":0,"parent":24514,"menu_order":0,"comment_status":"closed","ping_status":"closed","template":"","meta":{"_lmt_disableupdate":"","_lmt_disable":"","_monsterinsights_skip_tracking":false,"_monsterinsights_sitenote_active":false,"_monsterinsights_sitenote_note":"","_monsterinsights_sitenote_category":0,"footnotes":""},"class_list":["post-26224","page","type-page","status-publish","hentry"],"_links":{"self":[{"href":"https:\/\/www.univ-msila.dz\/site\/wp-json\/wp\/v2\/pages\/26224","targetHints":{"allow":["GET"]}}],"collection":[{"href":"https:\/\/www.univ-msila.dz\/site\/wp-json\/wp\/v2\/pages"}],"about":[{"href":"https:\/\/www.univ-msila.dz\/site\/wp-json\/wp\/v2\/types\/page"}],"author":[{"embeddable":true,"href":"https:\/\/www.univ-msila.dz\/site\/wp-json\/wp\/v2\/users\/10"}],"replies":[{"embeddable":true,"href":"https:\/\/www.univ-msila.dz\/site\/wp-json\/wp\/v2\/comments?post=26224"}],"version-history":[{"count":20,"href":"https:\/\/www.univ-msila.dz\/site\/wp-json\/wp\/v2\/pages\/26224\/revisions"}],"predecessor-version":[{"id":50766,"href":"https:\/\/www.univ-msila.dz\/site\/wp-json\/wp\/v2\/pages\/26224\/revisions\/50766"}],"up":[{"embeddable":true,"href":"https:\/\/www.univ-msila.dz\/site\/wp-json\/wp\/v2\/pages\/24514"}],"wp:attachment":[{"href":"https:\/\/www.univ-msila.dz\/site\/wp-json\/wp\/v2\/media?parent=26224"}],"curies":[{"name":"wp","href":"https:\/\/api.w.org\/{rel}","templated":true}]}}