{"id":92355,"date":"2025-06-09T15:13:30","date_gmt":"2025-06-09T15:13:30","guid":{"rendered":"https:\/\/www.univ-msila.dz\/site\/?page_id=92355"},"modified":"2025-07-21T12:43:06","modified_gmt":"2025-07-21T12:43:06","slug":"offre-medecine-vetrenaire","status":"publish","type":"page","link":"https:\/\/www.univ-msila.dz\/site\/offre-medecine-vetrenaire\/","title":{"rendered":"\u0639\u0631\u0636 \u0627\u0644\u062a\u0643\u0648\u064a\u0646 \u0641\u064a \u0627\u0644\u0628\u064a\u0637\u0631\u0629"},"content":{"rendered":"\t\t<div data-elementor-type=\"wp-page\" data-elementor-id=\"92355\" class=\"elementor elementor-92355\" data-elementor-post-type=\"page\">\n\t\t\t\t<div class=\"elementor-element elementor-element-000c445 e-flex e-con-boxed e-con e-parent\" data-id=\"000c445\" data-element_type=\"container\" data-e-type=\"container\" data-settings=\"{&quot;ekit_has_onepagescroll_dot&quot;:&quot;yes&quot;}\">\n\t\t\t\t\t<div class=\"e-con-inner\">\n\t\t\t\t<div class=\"elementor-element elementor-element-a5554a3 elementor-widget elementor-widget-text-editor\" data-id=\"a5554a3\" data-element_type=\"widget\" data-e-type=\"widget\" data-settings=\"{&quot;ekit_we_effect_on&quot;:&quot;none&quot;}\" data-widget_type=\"text-editor.default\">\n\t\t\t\t<div class=\"elementor-widget-container\">\n\t\t\t\t\t\t\t\t\t<p><strong>\u0631\u0645\u0632 \u0627\u0644\u062a\u0643\u0648\u064a\u0646:<\/strong> P04VAL01<\/p><p><strong>\u062a\u0633\u0645\u064a\u0629 \u0627\u0644\u062a\u0643\u0648\u064a\u0646:<\/strong> \u0645\u064a\u062f\u0627\u0646 \u0639\u0644\u0648\u0645 \u0627\u0644\u0628\u064a\u0637\u0631\u0629<\/p><p><strong>\u0637\u0628\u064a\u0639\u0629 \u0627\u0644\u062a\u0643\u0648\u064a\u0646:<\/strong> \u0637\u0628\u064a\u0628 \u0628\u064a\u0637\u0631\u064a<\/p><p><strong>\u0645\u062f\u0629 \u0627\u0644\u062a\u0643\u0648\u064a\u0646:<\/strong> \u0633\u062a (6) \u0633\u0646\u0648\u0627\u062a<\/p><p><strong>\u0627\u0644\u062f\u0648\u0627\u0626\u0631 \u0627\u0644\u062c\u063a\u0631\u0627\u0641\u064a\u0629:<\/strong> 28-19-34<\/p><p><strong>\u0634\u0639\u0628 \u0627\u0644\u0628\u0643\u0627\u0644\u0648\u0631\u064a\u0627 \u0648\u0627\u0644\u0623\u0648\u0644\u0648\u064a\u0629:<\/strong><\/p><p><strong>\u0627\u0644\u0623\u0648\u0644\u0648\u064a\u0629 01:<\/strong>&#8211; \u00a0\u0639\u0644\u0648\u0645 \u062a\u062c\u0631\u064a\u0628\u064a\u0629 &#8211; \u0631\u064a\u0627\u0636\u064a\u0627\u062a<\/p><p><strong>\u0627\u0644\u0623\u0648\u0644\u0648\u064a\u0629 02:<\/strong>&#8211; \u00a0\u062a\u0642\u0646\u064a \u0631\u064a\u0627\u0636\u064a<\/p><p><strong>\u0627\u0644\u0634\u0631\u0648\u0637 \u0627\u0644\u0628\u064a\u062f\u0627\u063a\u0648\u062c\u064a\u0629 \u0644\u0644\u062a\u0633\u062c\u064a\u0644 \u0627\u0644\u0623\u0648\u0644\u064a:<\/strong><\/p><p>\u0628\u0627\u0644\u0646\u0633\u0628\u0629 \u0644\u0644\u0623\u0648\u0644\u0648\u064a\u0629 01 \u064a\u062a\u0645 \u0627\u0644\u062a\u0631\u062a\u064a\u0628 \u0639\u0644\u0649 \u0623\u0633\u0627\u0633 \u0627\u0644\u0645\u0639\u062f\u0644 \u0627\u0644\u0645\u0648\u0632\u0648\u0646 \u0627\u0644\u0645\u062d\u0633\u0648\u0628 \u0623\u0648 \u0627\u0644\u0645\u0639\u062f\u0644 \u0627\u0644\u0639\u0627\u0645 \u0627\u0644\u0645\u062d\u0635\u0644 \u0639\u0644\u064a\u0647 \u0641\u064a<br \/>\u0627\u0645\u062a\u062d\u0627\u0646 \u0627\u0644\u0628\u0643\u0627\u0644\u0648\u0631\u064a\u0627 \u0627\u0644\u0644\u0630\u0627\u0646 \u064a\u0646\u0628\u063a\u064a \u0623\u0646 \u064a\u0633\u0627\u0648\u064a\u0627\u0646 \u0623\u0648 \u064a\u0641\u0648\u0642\u0627\u0646 12\/20<br \/>\u0628\u0627\u0644\u0646\u0633\u0628\u0629 \u0644\u0644\u0623\u0648\u0644\u0648\u064a\u0629 02 \u064a\u062a\u0645 \u0627\u0644\u062a\u0631\u062a\u064a\u0628 \u0639\u0644\u0649 \u0623\u0633\u0627\u0633 \u0627\u0644\u0645\u0639\u062f\u0644 \u0627\u0644\u0639\u0627\u0645 \u0627\u0644\u0645\u062d\u0635\u0644 \u0639\u0644\u064a\u0647 \u0641\u064a \u0627\u0645\u062a\u062d\u0627\u0646 \u0627\u0644\u0628\u0643\u0627\u0644\u0648\u0631\u064a\u0627 \u0627\u0644\u0630\u064a \u064a\u0646\u0628\u063a\u064a \u0623\u0646<br \/>\u064a\u0633\u0627\u0648\u064a \u0623\u0648 \u064a\u0641\u0648\u0642 12.50\/20\u00a0<\/p><p><strong>\u0645\u0639\u062f\u0644\u0627\u062a \u0627\u0644\u0642\u0628\u0648\u0644 \u0644\u0644\u0633\u0646\u0648\u0627\u062a \u0627\u0644\u0645\u0627\u0636\u064a\u0629: <\/strong><\/p><p><strong>\u0627\u0644\u0623\u0648\u0644\u0648\u064a\u0629 01:<\/strong> 13.20 (2024)<\/p><p><strong>\u0627\u0644\u0623\u0648\u0644\u0648\u064a\u0629 02:<\/strong> 14.09 (2024)<\/p><p><strong>\u062a\u0642\u062f\u064a\u0645 \u0639\u0627\u0645 \u0628\u0627\u0644\u062a\u0643\u0648\u064a\u0646:<\/strong><\/p><p>\u00a0\u00a0\u00a0 \u00a0\u00a0\u00a0\u00a0\u0645\u064a\u062f\u0627\u0646 \u0639\u0644\u0648\u0645 \u0627\u0644\u0628\u064a\u0637\u0631\u0629 \u0647\u0648\u00a0\u0645\u062c\u0627\u0644 \u064a\u0647\u062a\u0645 \u0628\u0635\u062d\u0629 \u0627\u0644\u062d\u064a\u0648\u0627\u0646\u0627\u062a \u0627\u0644\u0623\u0644\u064a\u0641\u0629\u060c \u0648 \u062d\u062a\u0649 \u0627\u0644\u0628\u0631\u064a\u0629. \u0648 \u0647\u0648 \u0645\u0631\u062a\u0628\u0637 \u0623\u064a\u0636\u0627 \u0628\u0645\u0643\u0627\u0641\u062d\u0629 \u0627\u0644\u0623\u0645\u0631\u0627\u0636 \u0648 \u0627\u0644\u0627\u0648\u0628\u0626\u0629 \u0627\u0644\u062d\u064a\u0648\u0627\u0646\u064a\u0629 \u0627\u0644\u0645\u0646\u0634\u0623 \u0627\u0644\u0645\u062a\u0646\u0642\u0644\u0629 \u0644\u0644\u0625\u0646\u0633\u0627\u0646 (Zoonoses) \u060c\u0648 \u0643\u064a\u0641\u064a\u0629 \u0627\u0644\u0648\u0642\u0627\u064a\u0629 \u0645\u0646\u0647\u0627. \u0648 \u064a\u0634\u0645\u0644 \u0623\u064a\u0636\u0627 \u0643\u0644 \u0645\u0627 \u064a\u062e\u0635 \u0635\u062d\u0629 \u0627\u0644\u0630\u0628\u0627\u0626\u062d \u0648 \u0645\u0631\u0627\u0642\u0628\u0629 \u062c\u0648\u062f\u0629 \u0644\u062d\u0648\u0645\u0647\u0627 \u060c\u0648 \u0635\u0644\u0627\u062d\u064a\u062a\u0647\u0627 \u0644\u0644\u0627\u0633\u062a\u0647\u0644\u0627\u0643 \u0627\u0644\u0628\u0634\u0631\u064a\u060c \u0639\u0644\u0649 \u0645\u0633\u062a\u0648\u0649 \u0627\u0644\u0645\u0630\u0627\u0628\u062d \u0627\u0644\u0639\u0645\u0648\u0645\u064a\u0629\u0648 \u0627\u0644\u062e\u0627\u0635\u0629. \u0643\u0645\u0627 \u0623\u0646 \u0644\u0644\u0628\u064a\u0637\u0631\u064a \u062f\u0648\u0631 \u0641\u064a \u062a\u062a\u0628\u0639 \u0627\u0644\u0623\u0645\u0631\u0627\u0636 \u0627\u0644\u0645\u0646\u062a\u0642\u0644\u0629 \u0639\u0628\u0631 \u0627\u0644\u062d\u062f\u0648\u062f \u0627\u0644\u0628\u0631\u064a\u0629 \u0648 \u0639\u0644\u0649 \u0645\u0633\u062a\u0648\u0649 \u0627\u0644\u0645\u0648\u0627\u0646\u0626 \u0648 \u0627\u0644\u0645\u0637\u0627\u0631\u0627\u062a(Maladies transfrontali\u00e8res) . \u0628\u0627\u0644\u0625\u0636\u0627\u0641\u0629 \u0625\u0644\u0649 \u062f\u0648\u0631\u0647 \u0641\u064a \u0645\u062e\u0627\u0628\u0631 \u0627\u0644\u062a\u062d\u0627\u0644\u064a\u0644 \u0627\u0644\u0628\u064a\u0637\u0631\u064a\u0629\u060c\u0648 \u0645\u0635\u0627\u0646\u0639 \u0627\u0644\u0627\u062f\u0648\u064a\u0629 \u0627\u0644\u0628\u064a\u0637\u0631\u064a\u0629 \u0648 \u0623\u063a\u0630\u064a\u0629 \u0627\u0644\u062d\u064a\u0648\u0627\u0646\u0627\u062a.\u0643\u0645\u0627 \u064a\u0646\u0634\u0637 \u0627\u0644\u0628\u064a\u0637\u0631\u064a \u0641\u064a \u0645\u062e\u0627\u0628\u0631 \u0627\u0644\u0628\u062d\u062b \u0627\u0644\u0639\u0644\u0645\u064a \u0648 \u062d\u062f\u0627\u0626\u0642 \u0627\u0644\u062d\u064a\u0648\u0627\u0646\u0627\u062a (Parcs zoologiques). \u0648\u064a\u0645\u0643\u0646 \u0627\u0644\u0628\u064a\u0637\u0631\u064a \u0623\u0646 \u064a\u0639\u0645\u0644 \u0641\u064a \u0625\u062f\u0627\u0631\u0629 \u0645\u0634\u0627\u0631\u064a\u0639 \u062a\u0631\u0628\u064a\u0629 \u0627\u0644\u0623\u0628\u0642\u0627\u0631 \u0627\u0644\u062d\u0644\u0648\u0628 \u0648 \u0627\u0644\u0623\u063a\u0646\u0627\u0645\u060c \u0627\u0644\u062a\u0627\u0628\u0639\u0629 \u0644\u0644\u0642\u0637\u0627\u0639 \u0627\u0644\u0639\u0645\u0648\u0645\u064a \u0623\u0648 \u0627\u0644\u062e\u0627\u0635. \u0643\u0645\u0627 \u064a\u0645\u0643\u0646\u0647 \u0625\u0646\u0634\u0627\u0621 \u0645\u0634\u0631\u0648\u0639\u0647 \u0627\u0644\u062e\u0627\u0635 \u0627\u0644\u0645\u062a\u0645\u062b\u0644 \u063a\u0627\u0644\u0628\u0627 \u0641\u064a \u0639\u064a\u0627\u062f\u0629 \u0628\u064a\u0637\u0631\u064a\u0629 \u060c\u0623\u0648 \u0635\u064a\u062f\u0644\u064a\u0629 \u0628\u064a\u0639 \u0627\u0644\u0627\u062f\u0648\u064a\u0629 \u0627\u0644\u0628\u064a\u0637\u0631\u064a\u0629 \u0628\u0627\u0644\u062c\u0645\u0644\u0629 \u0623\u0648 \u0628\u0627\u0644\u062a\u062c\u0632\u0626\u0629. \u0648\u0645\u0646 \u0623\u0647\u0645 \u0627\u0644\u062e\u064a\u0627\u0631\u0627\u062a \u0623\u064a\u0636\u0627 \u0627\u0633\u062a\u0643\u0645\u0627\u0644 \u0623\u062d\u062f \u0645\u062c\u0627\u0644\u0627\u062a \u0627\u0644\u062a\u062e\u0635\u0635 \u0627\u0644\u0623\u0643\u0627\u062f\u064a\u0645\u064a \u0639\u0628\u0631 \u0627\u0644\u062f\u0631\u0627\u0633\u0627\u062a \u0627\u0644\u0639\u0644\u064a\u0627\u060c \u0625\u0646 \u0627\u0644\u0631\u0647\u0627\u0646\u0627\u062a \u0627\u0644\u0627\u0642\u062a\u0635\u0627\u062f\u064a\u0629 \u0648\u0627\u0644\u0623\u0645\u0646 \u0627\u0644\u063a\u0630\u0627\u0626\u064a\u060c \u00a0\u062a\u062c\u0639\u0644 \u0627\u0644\u0637\u0628\u064a\u0628 \u0627\u0644\u0628\u064a\u0637\u0631\u064a \u064a\u0644\u0639\u0628 \u0623\u062f\u0648\u0627\u0631\u0627 \u0645\u0647\u0645\u0629 \u060c\u062e\u0627\u0635\u0629 \u0645\u0639 \u0627\u0644\u0627\u062d\u062a\u064a\u0627\u062c\u0627\u062a \u0627\u0644\u0645\u062a\u0632\u0627\u064a\u062f\u0629 \u0641\u064a \u0645\u062c\u0627\u0644 \u0627\u0644\u0631\u0639\u0627\u064a\u0629 \u0627\u0644\u0635\u062d\u064a\u0629 \u0644\u0644\u062d\u064a\u0648\u0627\u0646\u0627\u062a\u060c \u00a0\u0648\u0627\u0644\u0627\u0647\u062a\u0645\u0627\u0645 \u0628\u062a\u062d\u0633\u064a\u0646 \u0627\u0644\u0625\u0646\u062a\u0627\u062c \u0627\u0644\u062d\u064a\u0648\u0627\u0646\u064a\u060c \u0648 \u062a\u0648\u0641\u064a\u0631 \u0627\u0644\u0644\u062d\u0648\u0645 \u0630\u0627\u062a \u0627\u0644\u062c\u0648\u062f\u0629 \u0627\u0644\u0639\u0627\u0644\u064a\u0629\u060c\u00a0 \u0648 \u0644\u0627 \u0633\u064a\u0645\u0627 \u0623\u0646 \u0645\u0646\u0637\u0642\u062a\u064a \u0627\u0644\u062d\u0636\u0646\u0629 \u0648 \u0627\u0644\u0647\u0636\u0627\u0628 \u0627\u0644\u0639\u0644\u064a\u0627 \u062a\u0634\u0647\u062f\u0627\u0646 \u062a\u0637\u0648\u0631\u0627 \u0643\u0628\u064a\u0631\u0627 \u0641\u064a \u0645\u062c\u0627\u0644 \u062a\u0631\u0628\u064a\u0629 \u0627\u0644\u062d\u064a\u0648\u0627\u0646\u0627\u062a \u0627\u0644\u0645\u0646\u062a\u062c\u0629\u060c\u00a0 \u0645\u062b\u0644 \u0627\u0644\u0623\u063a\u0646\u0627\u0645 \u0627\u0644\u0623\u0628\u0642\u0627\u0631 \u0648 \u0627\u0644\u062f\u0648\u0627\u062c\u0646.\u0628\u0627\u0644\u0625\u0636\u0627\u0641\u0629 \u0625\u0644\u0649 \u0623\u0647\u0645\u064a\u0629 \u0627\u0644\u0639\u0644\u0648\u0645 \u0627\u0644\u0628\u064a\u0637\u0631\u064a\u0629 \u0641\u064a \u0627\u0644\u0645\u062c\u0627\u0644\u0627\u062a \u0627\u0644\u0628\u064a\u0626\u064a\u0629.\u064a\u0639\u062f \u062a\u062e\u0635\u0635 \u0639\u0644\u0648\u0645 \u0627\u0644\u0628\u064a\u0637\u0631\u0629 \u0645\u0646 \u0623\u0647\u0645 \u0627\u0644\u062a\u062e\u0635\u0635\u0627\u062a \u0648\u0647\u0648 \u0645\u0631\u062a\u0628\u0637 \u0628\u0639\u062f\u0629 \u062a\u062e\u0635\u0635\u0627\u062a \u0645\u062b\u0644 \u0627\u0644\u0637\u0628 \u0627\u0644\u0628\u0634\u0631\u064a\u060c \u0648 \u0627\u0644\u062a\u0648\u0627\u0632\u0646 \u0627\u0644\u0628\u064a\u0626\u064a\u060c\u0648 \u0639\u0644\u0645 \u0627\u0644\u0623\u0645\u0631\u0627\u0636 \u0627\u0644\u0645\u062a\u0646\u0642\u0644\u0629 \u0639\u0628\u0631 \u0627\u0644\u062d\u0634\u0631\u0627\u062a(entomologiem\u00e9dicale et v\u00e9t\u00e9rinaire)<\/p><p>\u00a0\u00a0\u00a0\u00a0\u00a0\u00a0 \u064a\u0643\u062a\u0633\u0628 \u0627\u0644\u0637\u0627\u0644\u0628 \u062e\u0644\u0627\u0644 \u0633\u062a \u0633\u0646\u0648\u0627\u062a\u0645\u0646 \u0627\u0644\u062f\u0631\u0627\u0633\u0629 \u0627\u0644\u0643\u062b\u064a\u0631 \u0645\u0646 \u0627\u0644\u062b\u0642\u0627\u0641\u0629\u060c \u0648\u0627\u0644\u062e\u0628\u0631\u0627\u062a \u0627\u0644\u0639\u0644\u0645\u064a\u0629 \u0648 \u0627\u0644\u062a\u0642\u0646\u064a\u0629\u060c \u0648\u0647\u0648 \u0645\u062c\u0627\u0644 \u064a\u062b\u064a\u0631 \u0623\u062d\u0627\u0633\u064a\u0633 \u062d\u0628 \u0627\u0644\u0627\u0637\u0644\u0627\u0639 \u0648\u0627\u0644\u0627\u0643\u062a\u0634\u0627\u0641\u0639\u0646\u062f \u0627\u0644\u0637\u0627\u0644\u0628\u060c \u062e\u0627\u0635\u0629 \u0639\u0646\u062f\u0645\u0627 \u064a\u0643\u0644\u0641 \u0628\u0625\u0639\u062f\u0627\u062f \u0645\u0630\u0643\u0631\u0629 \u062a\u062e\u0631\u062c \u0641\u064a \u0645\u062c\u0627\u0644 \u0645\u0639\u064a\u0646 \u0645\u0646 \u0639\u0644\u0645 \u0627\u0644\u0628\u064a\u0637\u0631\u0629.<\/p><p><strong>\u062a\u062e\u0635\u0635\u0627\u062a \u0627\u0644\u062a\u0643\u0648\u064a\u0646:<\/strong><\/p><p>\u00a0\u00a0\u00a0\u00a0\u00a0\u00a0\u00a0 \u0645\u064a\u062f\u0627\u0646 \u0627\u0644\u0628\u064a\u0637\u0631\u0629 \u0647\u0648 \u062a\u0643\u0648\u064a\u0646 \u0645\u0648\u062d\u062f \u0648 \u0641\u0642 \u0627\u0644\u0646\u0638\u0627\u0645 \u0627\u0644\u0643\u0644\u0627\u0633\u064a\u0643\u064a\u060c \u0648 \u064a\u0646\u062a\u0647\u064a \u0628\u0646\u064a\u0644 \u0634\u0647\u0627\u062f\u0629 \u0637\u0628\u064a\u0628 \u0628\u064a\u0637\u0631\u064a ((Docteur v\u00e9t\u00e9rinaire\u0628\u0639\u062f \u0625\u062a\u0645\u0627\u0645 \u0633\u062a \u0633\u0646\u0648\u0627\u062a \u0643\u0627\u0645\u0644\u0629 \u0645\u0646 \u0627\u0644\u062f\u0631\u0627\u0633\u0629 \u060c \u0645\u0646 \u0636\u0645\u0646\u0647\u0627 \u0633\u0646\u0629 \u0623\u0648 \u0627\u0643\u062b\u0631\u00a0\u00a0 \u064a\u062a\u0645 \u062e\u0644\u0627\u0644\u0647\u0627 \u0625\u0639\u062f\u0627\u062f \u0645\u0630\u0643\u0631\u0629 \u062a\u062e\u0631\u062c \u0648 \u0645\u0646\u0627\u0642\u0634\u062a\u0647\u0627. \u0627\u0644\u062a\u0648\u062c\u064a\u0647 \u0644\u0647\u0630\u0627 \u0627\u0644\u0645\u064a\u062f\u0627\u0646 \u0644\u0644\u0637\u0644\u0628\u0629 \u0627\u0644\u062d\u0627\u0626\u0632\u064a\u0646 \u0639\u0644\u0649 \u0628\u0643\u0627\u0644\u0648\u0631\u064a\u0627\u00a0 \u0639\u0644\u0648\u0645 \u062a\u062c\u0631\u064a\u0628\u064a\u0629 \u2013 \u0631\u064a\u0627\u0636\u064a\u0627\u062a (\u0623\u0648\u0644\u0648\u064a\u0629 1) \u0648\u00a0 \u062a\u0642\u0646\u064a \u0631\u064a\u0627\u0636\u064a (\u0623\u0648\u0644\u0648\u064a\u0629 2) \u0648 \u0630\u0644\u0643 \u062d\u0633\u0628\u00a0\u00a0 \u0639\u062f\u062f \u0627\u0644\u0645\u0642\u0627\u0639\u062f \u0648 \u0645\u0639\u062f\u0644\u0627\u062a \u0627\u0644\u0642\u0628\u0648\u0644. \u0643\u0645\u0627 \u064a\u0645\u0643\u0646 \u0644\u0644\u062d\u0627\u0626\u0632\u064a\u0646 \u0639\u0644\u0649 \u0634\u0647\u0627\u062f\u0629 \u0627\u0644\u062f\u0631\u0627\u0633\u0627\u062a \u0627\u0644\u0639\u0644\u064a\u0627 \u00a0\u0641\u064a\u0627\u0644\u0628\u064a\u0637\u0631\u0629(DEUA) \u0627\u0644\u062a\u0633\u062c\u064a\u0644 \u0641\u064a \u0627\u0644\u0633\u0646\u0629 \u0627\u0644\u062b\u0627\u0644\u062b\u0629 \u0637\u0628\u064a\u0628 \u0628\u064a\u0637\u0631\u064a \u0639\u0628\u0631 \u0646\u0638\u0627\u0645 \u0627\u0644\u0645\u0639\u0627\u0628\u0631 ((Passerelle \u0628\u0639\u062f \u0625\u064a\u062f\u0627\u0639 \u0637\u0644\u0628 \u062e\u0637\u064a \u0645\u0639 \u0627\u0644\u0645\u0644\u0641 \u0627\u0644\u0622\u062a\u064a:<\/p><p><strong>\u0637\u0644\u0628 \u062e\u0637\u064a<\/strong><\/p><p><strong>\u0646\u0633\u062e\u0629 \u0645\u0646 \u0634\u0647\u0627\u062f\u0629 \u0627\u0644\u0628\u0643\u0627\u0644\u0648\u0631\u064a\u0627<\/strong><\/p><p><strong>\u0646\u0633\u062e\u0629 \u0645\u0646 \u0643\u0634\u0648\u0641 \u0627\u0644\u0646\u0642\u0627\u0637 \u0644\u0644\u0645\u0633\u0627\u0631 \u0627\u0644\u062f\u0631\u0627\u0633\u064a<\/strong><\/p><p><strong>\u0646\u0633\u062e\u0629 \u0645\u0646 \u0627\u0644\u0634\u0647\u0627\u062f\u0629 \u0627\u0644\u0645\u062a\u062d\u0635\u0644 \u0639\u0644\u064a\u0647\u0627 \u0623\u0648 \u0645\u0627 \u064a\u0639\u0627\u062f\u0644\u0647\u0627<\/strong><\/p><p><strong>\u00a0 \u00a0<\/strong><strong>\u062a\u0648\u062f\u0639 \u0627\u0644\u0645\u0644\u0641\u0627\u062a \u0639\u0644\u0649 \u0645\u0633\u062a\u0648\u0649 \u0627\u0645\u0627\u0646\u0629 \u0627\u0644\u0642\u0633\u0645<\/strong><\/p><p>\u0645\u0644\u0627\u062d\u0638\u0629 : \u0639\u0646\u062f \u0642\u0628\u0648\u0644 \u0645\u0644\u0641 \u0627\u0644\u0645\u062a\u0631\u0634\u062d \u064a\u062a\u0639\u064a\u0646 \u0639\u0644\u064a\u0647 \u0625\u062a\u0645\u0627\u0645 \u0627\u0644\u0645\u0644\u0641 \u0628\u0646\u0633\u062e \u0623\u0635\u0644\u064a\u0629 \u0644\u0644\u0645\u0644\u0641 \u0627\u0644\u0633\u0627\u0628\u0642 \u0645\u0639 \u062a\u0628\u0631\u064a\u0631 \u0633\u0646\u0648\u0627\u062a \u0627\u0644\u0627\u0646\u0642\u0637\u0627\u0639 \u0625\u0646 \u0648\u062c\u062f\u062a (\u0634\u0647\u0627\u062f\u0627\u062a \u062e\u0628\u0631\u0629 \u0639\u0645\u0644\u064a\u0629).<\/p><p><strong>\u0623\u0647\u0645 \u0627\u0644\u0645\u0648\u0627\u062f \u0627\u0644\u0645\u062f\u0631\u0633\u0629: <\/strong><\/p><p>\u00a0\u00a0\u00a0\u00a0\u00a0\u00a0\u00a0 \u064a\u0636\u0645 \u062a\u062e\u0635\u0635 \u0627\u0644\u0639\u0644\u0648\u0645 \u0627\u0644\u0628\u064a\u0637\u0631\u064a\u0629 \u060c \u0645\u062c\u0645\u0648\u0639\u0629 \u0645\u062a\u0646\u0648\u0639\u0629 \u0645\u0646 \u0627\u0644\u0639\u0644\u0648\u0645 \u0627\u0644\u062a\u064a \u062a\u062f\u0631\u0633 \u0627\u0644\u062d\u064a\u0648\u0627\u0646\u0627\u062a \u0627\u0644\u0627\u0644\u064a\u0641\u0629 \u0648 \u0627\u0644\u0628\u0631\u064a\u0629 \u060c\u00a0 \u0627\u0644\u062a\u064a \u0645\u0646 \u0623\u0647\u0645\u0647\u0627 :\u0639\u0644\u0645 \u0627\u0644\u062d\u064a\u0648\u0627\u0646\u060c \u0648\u0639\u0644\u0645 \u0627\u0644\u0648\u0631\u0627\u062b\u0629\u060c \u0648\u0627\u0644\u0641\u064a\u0632\u064a\u0648\u0644\u0648\u062c\u064a\u0627\u060c \u0648\u0639\u0644\u0645 \u0627\u0644\u062a\u0634\u0631\u064a\u062d\u060c \u0648 \u0639\u0644\u0645\u0627\u0644\u0623\u0646\u0633\u062c\u0629 \u060c \u0648\u0639\u0644\u0645 \u0627\u0644\u0623\u062d\u064a\u0627\u0621 \u0627\u0644\u062f\u0642\u064a\u0642\u0629\u060c \u0648\u0627\u0644\u0628\u064a\u0648\u0644\u0648\u062c\u064a\u0627 \u0627\u0644\u062c\u0632\u064a\u0626\u064a\u0629\u060c \u0648\u0639\u0644\u0645 \u0627\u0644\u0645\u0646\u0627\u0639\u0629\u060c \u0648\u0639\u0644\u0645 \u0627\u0644\u0637\u0641\u064a\u0644\u064a\u0627\u062a\u060c\u0648 \u0639\u0644\u0645 \u0627\u0644\u0623\u0648\u0628\u0626\u0629\u060c \u0648 \u0639\u0644\u0645 \u0627\u0644\u0623\u0645\u0631\u0627\u0636 \u0627\u0644\u0645\u0639\u062f\u064a\u0629\u060c \u0648 \u0639\u0644\u0645\u00a0 \u0623\u0645\u0631\u0627\u0636 \u0627\u0644\u062f\u0648\u0627\u062c\u0646\u060c \u0648 \u0639\u0644\u0645 \u0623\u0645\u0631\u0627\u0636 \u0627\u0644\u0645\u062c\u062a\u0631\u0627\u062a\u060c \u0648 \u0639\u0644\u0645 \u0627\u0644\u0635\u064a\u062f\u0644\u0629\u060c \u0639\u0644\u0645 \u0627\u0644\u0633\u0644\u0648\u0643 \u0627\u0644\u062d\u064a\u0648\u0627\u0646\u064a\u060c \u0648\u0627\u0644\u0641\u064a\u0632\u064a\u0648\u0644\u0648\u062c\u064a\u0627 \u0627\u0644\u0645\u0631\u0636\u064a\u0629\u060c \u0648\u0639\u0644\u0645 \u0627\u0644\u062a\u0634\u0631\u064a\u062d \u0627\u0644\u0645\u0631\u0636\u064a\u060c \u0627\u0644\u062a\u0634\u0631\u064a\u0639 \u0627\u0644\u0628\u064a\u0637\u0631\u064a.<\/p><p><strong>\u0622\u0641\u0627\u0642 \u0627\u0644\u0639\u0645\u0644:<\/strong><\/p><p>\u0645\u0631\u0627\u0642\u0628\u0629\u00a0 \u0635\u0644\u0627\u062d\u064a\u0629 \u0644\u062d\u0648\u0645 \u0627\u0644\u0630\u0628\u0627\u0626\u062d \u0639\u0644\u0649 \u0645\u0633\u062a\u0648\u0649 \u0627\u0644\u0645\u0630\u0627\u0628\u062d \u0627\u0644\u0639\u0645\u0648\u0645\u064a\u0629 \u0648 \u0627\u0644\u062e\u0627\u0635\u0629.<\/p><p>\u0645\u0631\u0627\u0642\u0628\u0629 \u0627\u0644\u0623\u0645\u0631\u0627\u0636 \u0627\u0644\u0645\u0646\u062a\u0642\u0644\u0629 \u0639\u0628\u0631 \u0627\u0644\u062d\u062f\u0648\u062f \u0627\u0644\u0628\u0631\u064a\u0629 \u0648 \u0639\u0644\u0649 \u0645\u0633\u062a\u0648\u0649 \u0627\u0644\u0645\u0648\u0627\u0646\u0626 \u0648 \u0627\u0644\u0645\u0637\u0627\u0631\u0627\u062a<\/p><p>\u0645\u0643\u0627\u062a\u0628 \u0627\u0644\u0635\u062d\u0629 \u0648 \u0627\u0644\u0648\u0642\u0627\u064a\u0629 \u0627\u0644\u062a\u0627\u0628\u0639\u0629 \u0644\u0644\u0628\u0644\u062f\u064a\u0629\u00a0<\/p><p>\u0645\u062e\u0627\u0628\u0631 \u0627\u0644\u062a\u062d\u0627\u0644\u064a\u0644\u00a0 \u0648 \u0645\u0635\u0627\u0646\u0639 \u0627\u0644\u0627\u062f\u0648\u064a\u0629 \u0627\u0644\u0628\u064a\u0637\u0631\u064a\u0629 \u0648 \u0623\u063a\u0630\u064a\u0629 \u0627\u0644\u062d\u064a\u0648\u0627\u0646\u0627\u062a<\/p><p>\u0645\u062e\u0627\u0628\u0631 \u0648 \u0645\u0624\u0633\u0633\u0627\u062a \u0627\u0644\u0628\u062d\u062b \u0627\u0644\u0639\u0644\u0645\u064a\u060c \u062d\u062f\u0627\u0626\u0642 \u0627\u0644\u062d\u064a\u0648\u0627\u0646\u0627\u062a<\/p><p>\u0625\u062f\u0627\u0631\u0629 \u0645\u0634\u0627\u0631\u064a\u0639 \u062a\u0631\u0628\u064a\u0629 \u0627\u0644\u0623\u0628\u0642\u0627\u0631 \u0627\u0644\u062d\u0644\u0648\u0628 \u0648 \u0627\u0644\u0623\u063a\u0646\u0627\u0645\u060c \u0627\u0644\u062a\u0627\u0628\u0639\u0629 \u0644\u0644\u0642\u0637\u0627\u0639 \u0627\u0644\u0639\u0645\u0648\u0645\u064a \u0623\u0648 \u0627\u0644\u062e\u0627\u0635<\/p><p>\u0639\u064a\u0627\u062f\u0629 \u0628\u064a\u0637\u0631\u064a\u0629\u00a0 \u062e\u0627\u0635\u0629 \u0623\u0648 \u0645\u0633\u062a\u0634\u0641\u0649 \u0628\u064a\u0637\u0631\u064a<\/p><p>\u0635\u064a\u062f\u0644\u064a\u0629 \u0628\u064a\u0639 \u0627\u0644\u0627\u062f\u0648\u064a\u0629 \u0627\u0644\u0628\u064a\u0637\u0631\u064a\u0629 \u0628\u0627\u0644\u062c\u0645\u0644\u0629 \u0623\u0648 \u0628\u0627\u0644\u062a\u062c\u0632\u0626\u0629<\/p><p>\u0627\u0644\u062f\u0631\u0627\u0633\u0627\u062a \u0627\u0644\u0639\u0644\u064a\u0627<\/p><p>\u0627\u0644\u0645\u0641\u062a\u0634\u064a\u0627\u062a \u0627\u0644\u0628\u064a\u0637\u0631\u064a\u0629 \u0641\u064a \u0645\u062f\u064a\u0631\u064a\u0627\u062a \u0627\u0644\u0641\u0644\u0627\u062d\u0629<\/p><p><strong>\u0631\u0627\u0628\u0637 \u0628\u0631\u0646\u0627\u0645\u062c \u0627\u0644\u062a\u0643\u0648\u064a\u0646(\u062e\u0627\u0635 \u0628\u0627\u0644\u0625\u062f\u0627\u0631\u0629):<\/strong><\/p>\t\t\t\t\t\t\t\t<\/div>\n\t\t\t\t<\/div>\n\t\t\t\t\t<\/div>\n\t\t\t\t<\/div>\n\t\t<div class=\"elementor-element elementor-element-db7690a e-flex e-con-boxed e-con e-parent\" data-id=\"db7690a\" data-element_type=\"container\" data-e-type=\"container\" data-settings=\"{&quot;ekit_has_onepagescroll_dot&quot;:&quot;yes&quot;}\">\n\t\t\t\t\t<div class=\"e-con-inner\">\n\t\t\t\t<div class=\"elementor-element elementor-element-a794db1 elementor-widget thim-widget-button\" data-id=\"a794db1\" data-element_type=\"widget\" data-e-type=\"widget\" data-settings=\"{&quot;ekit_we_effect_on&quot;:&quot;none&quot;}\" data-widget_type=\"thim-button.default\">\n\t\t\t\t<div class=\"elementor-widget-container\">\n\t\t\t\t\t<a class=\"widget-button normal\" href=\"https:\/\/www.univ-msila.dz\/site\/wp-content\/uploads\/2024\/09\/ARRETE-PROGRAMME.-Premiere-annee-medecine-veterinaire.pdf\">\u062a\u062d\u0645\u064a\u0644 \u0627\u0644\u0628\u0637\u0627\u0642\u0629 \u0627\u0644\u062a\u0642\u0646\u064a\u0629<\/a>\t\t\t\t<\/div>\n\t\t\t\t<\/div>\n\t\t\t\t\t<\/div>\n\t\t\t\t<\/div>\n\t\t\t\t<\/div>\n\t\t","protected":false},"excerpt":{"rendered":"<p>\u0631\u0645\u0632 \u0627\u0644\u062a\u0643\u0648\u064a\u0646: P04VAL01 \u062a\u0633\u0645\u064a\u0629 \u0627\u0644\u062a\u0643\u0648\u064a\u0646: \u0645\u064a\u062f\u0627\u0646 \u0639\u0644\u0648\u0645 \u0627\u0644\u0628\u064a\u0637\u0631\u0629 \u0637\u0628\u064a\u0639\u0629 \u0627\u0644\u062a\u0643\u0648\u064a\u0646: \u0637\u0628\u064a\u0628 \u0628\u064a\u0637\u0631\u064a \u0645\u062f\u0629 \u0627\u0644\u062a\u0643\u0648\u064a\u0646: \u0633\u062a (6) \u0633\u0646\u0648\u0627\u062a \u0627\u0644\u062f\u0648\u0627\u0626\u0631 \u0627\u0644\u062c\u063a\u0631\u0627\u0641\u064a\u0629: 28-19-34 \u0634\u0639\u0628 \u0627\u0644\u0628\u0643\u0627\u0644\u0648\u0631\u064a\u0627 \u0648\u0627\u0644\u0623\u0648\u0644\u0648\u064a\u0629: \u0627\u0644\u0623\u0648\u0644\u0648\u064a\u0629 01:&#8211; \u00a0\u0639\u0644\u0648\u0645 \u062a\u062c\u0631\u064a\u0628\u064a\u0629 &#8211; \u0631\u064a\u0627\u0636\u064a\u0627\u062a \u0627\u0644\u0623\u0648\u0644\u0648\u064a\u0629 02:&#8211; \u00a0\u062a\u0642\u0646\u064a \u0631\u064a\u0627\u0636\u064a \u0627\u0644\u0634\u0631\u0648\u0637 \u0627\u0644\u0628\u064a\u062f\u0627\u063a\u0648\u062c\u064a\u0629 \u0644\u0644\u062a\u0633\u062c\u064a\u0644 \u0627\u0644\u0623\u0648\u0644\u064a: \u0628\u0627\u0644\u0646\u0633\u0628\u0629 \u0644\u0644\u0623\u0648\u0644\u0648\u064a\u0629 01 &hellip; <\/p>\n","protected":false},"author":1,"featured_media":0,"parent":0,"menu_order":0,"comment_status":"closed","ping_status":"closed","template":"","meta":{"_lmt_disableupdate":"no","_lmt_disable":"","_monsterinsights_skip_tracking":false,"_monsterinsights_sitenote_active":false,"_monsterinsights_sitenote_note":"","_monsterinsights_sitenote_category":0,"footnotes":""},"class_list":["post-92355","page","type-page","status-publish","hentry"],"_links":{"self":[{"href":"https:\/\/www.univ-msila.dz\/site\/wp-json\/wp\/v2\/pages\/92355","targetHints":{"allow":["GET"]}}],"collection":[{"href":"https:\/\/www.univ-msila.dz\/site\/wp-json\/wp\/v2\/pages"}],"about":[{"href":"https:\/\/www.univ-msila.dz\/site\/wp-json\/wp\/v2\/types\/page"}],"author":[{"embeddable":true,"href":"https:\/\/www.univ-msila.dz\/site\/wp-json\/wp\/v2\/users\/1"}],"replies":[{"embeddable":true,"href":"https:\/\/www.univ-msila.dz\/site\/wp-json\/wp\/v2\/comments?post=92355"}],"version-history":[{"count":9,"href":"https:\/\/www.univ-msila.dz\/site\/wp-json\/wp\/v2\/pages\/92355\/revisions"}],"predecessor-version":[{"id":95876,"href":"https:\/\/www.univ-msila.dz\/site\/wp-json\/wp\/v2\/pages\/92355\/revisions\/95876"}],"wp:attachment":[{"href":"https:\/\/www.univ-msila.dz\/site\/wp-json\/wp\/v2\/media?parent=92355"}],"curies":[{"name":"wp","href":"https:\/\/api.w.org\/{rel}","templated":true}]}}